{"id":76,"date":"2015-02-11T17:27:21","date_gmt":"2015-02-11T17:27:21","guid":{"rendered":"http:\/\/www.trendyhairzwolle.nl\/trendyhairzwolle.nl\/?page_id=76"},"modified":"2021-04-07T09:21:15","modified_gmt":"2021-04-07T09:21:15","slug":"producten","status":"publish","type":"page","link":"https:\/\/www.trendyhairzwolle.nl\/?page_id=76","title":{"rendered":"Keune SO PURE"},"content":{"rendered":"<p class=\"paragraph_style_1\"><em>Essenti\u00eble oli\u00ebn en plantextracten zijn een kostbaar geschenk van Moeder Natuur voor lichaam en geest.<\/em><\/p>\n<p class=\"paragraph_style_1\"><strong><span style=\"color: #d4af37;\">SO PURE NATURAL BALANCE<\/span><\/strong><br \/>\n100% Pure Plant Essential Therapy<br \/>\nSo Pure Natural Balance is ontwikkeld na een jarenlange intensieve research. Plantenextracten en essenti\u00eble oli\u00ebn zijn de enige actieve ingredi\u00ebnten. Kennis uit de phytotherapie, aromatherapie en homeopathie vormen de basis van het So Pure concept. So Pure Natural Balance is verrijkt met organische essenti\u00eble oli\u00ebn. De productfilosofie berust op de werking en geurbeleving van 100% natuurlijke plantaardige ingredi\u00ebnten. Meer dan 30 bijzonder planten-extracten en essenti\u00eble oli\u00ebn zijn geselecteerd om So Pure Natural Balance te cre\u00ebren.<\/p>\n<p class=\"paragraph_style_1\"><strong><span style=\"color: #d4af37;\">ORGANIC<\/span><\/strong><br \/>\nDe essenti\u00eble olie in So Pure Natural Balance is afkomstig van biologische landbouw waarbij een gezond ecosysteem en de kwaliteit van de olie centraal staan.<\/p>\n<p class=\"paragraph_style_1\"><strong><span style=\"color: #d4af37;\">NATUURLIJKE BALANS<\/span><\/strong><br \/>\nDe filosofie van So Pure Natural Balance is het bereiken van gezond en glanzend haar vanuit een goed functionerende hoofdhuid met de hulp van plantextracten. De beleving van rust, ontspanning en welzijn, cre\u00ebert een balans van optimale innerlijke en uiterlijke verzorging. Deze balans versterkt gevoel en persoonlijkheid.<\/p>\n<p class=\"paragraph_style_1\"><img loading=\"lazy\" decoding=\"async\" class=\"alignnone size-medium wp-image-118\" src=\"http:\/\/www.trendyhairzwolle.nl\/wp-content\/uploads\/2015\/02\/SPNB-Moisturizing-Shampoo-250ml-incl.-Ylang-Palmarosa-background-complete-L-225x300.jpg\" alt=\"SPNB Moisturizing Shampoo 250ml (incl. Ylang &amp; Palmarosa background complete) L\" width=\"225\" height=\"300\" srcset=\"https:\/\/www.trendyhairzwolle.nl\/wp-content\/uploads\/2015\/02\/SPNB-Moisturizing-Shampoo-250ml-incl.-Ylang-Palmarosa-background-complete-L-225x300.jpg 225w, https:\/\/www.trendyhairzwolle.nl\/wp-content\/uploads\/2015\/02\/SPNB-Moisturizing-Shampoo-250ml-incl.-Ylang-Palmarosa-background-complete-L-768x1024.jpg 768w, https:\/\/www.trendyhairzwolle.nl\/wp-content\/uploads\/2015\/02\/SPNB-Moisturizing-Shampoo-250ml-incl.-Ylang-Palmarosa-background-complete-L-100x133.jpg 100w, https:\/\/www.trendyhairzwolle.nl\/wp-content\/uploads\/2015\/02\/SPNB-Moisturizing-Shampoo-250ml-incl.-Ylang-Palmarosa-background-complete-L-150x200.jpg 150w, https:\/\/www.trendyhairzwolle.nl\/wp-content\/uploads\/2015\/02\/SPNB-Moisturizing-Shampoo-250ml-incl.-Ylang-Palmarosa-background-complete-L-200x267.jpg 200w, https:\/\/www.trendyhairzwolle.nl\/wp-content\/uploads\/2015\/02\/SPNB-Moisturizing-Shampoo-250ml-incl.-Ylang-Palmarosa-background-complete-L-300x400.jpg 300w, https:\/\/www.trendyhairzwolle.nl\/wp-content\/uploads\/2015\/02\/SPNB-Moisturizing-Shampoo-250ml-incl.-Ylang-Palmarosa-background-complete-L-450x600.jpg 450w, https:\/\/www.trendyhairzwolle.nl\/wp-content\/uploads\/2015\/02\/SPNB-Moisturizing-Shampoo-250ml-incl.-Ylang-Palmarosa-background-complete-L-600x800.jpg 600w, https:\/\/www.trendyhairzwolle.nl\/wp-content\/uploads\/2015\/02\/SPNB-Moisturizing-Shampoo-250ml-incl.-Ylang-Palmarosa-background-complete-L-900x1200.jpg 900w, https:\/\/www.trendyhairzwolle.nl\/wp-content\/uploads\/2015\/02\/SPNB-Moisturizing-Shampoo-250ml-incl.-Ylang-Palmarosa-background-complete-L.jpg 979w\" sizes=\"auto, (max-width: 225px) 100vw, 225px\" \/><img loading=\"lazy\" decoding=\"async\" class=\"alignnone size-medium wp-image-120\" src=\"http:\/\/www.trendyhairzwolle.nl\/wp-content\/uploads\/2015\/02\/SPNB-Color-Care-Group-incl-Liters-L-300x216.jpg\" alt=\"SPNB Color Care Group incl Liters L\" width=\"300\" height=\"216\" srcset=\"https:\/\/www.trendyhairzwolle.nl\/wp-content\/uploads\/2015\/02\/SPNB-Color-Care-Group-incl-Liters-L-300x216.jpg 300w, https:\/\/www.trendyhairzwolle.nl\/wp-content\/uploads\/2015\/02\/SPNB-Color-Care-Group-incl-Liters-L-100x72.jpg 100w, https:\/\/www.trendyhairzwolle.nl\/wp-content\/uploads\/2015\/02\/SPNB-Color-Care-Group-incl-Liters-L-150x108.jpg 150w, https:\/\/www.trendyhairzwolle.nl\/wp-content\/uploads\/2015\/02\/SPNB-Color-Care-Group-incl-Liters-L-200x144.jpg 200w, https:\/\/www.trendyhairzwolle.nl\/wp-content\/uploads\/2015\/02\/SPNB-Color-Care-Group-incl-Liters-L-450x324.jpg 450w, https:\/\/www.trendyhairzwolle.nl\/wp-content\/uploads\/2015\/02\/SPNB-Color-Care-Group-incl-Liters-L-600x432.jpg 600w, https:\/\/www.trendyhairzwolle.nl\/wp-content\/uploads\/2015\/02\/SPNB-Color-Care-Group-incl-Liters-L.jpg 698w\" sizes=\"auto, (max-width: 300px) 100vw, 300px\" \/><\/p>\n","protected":false},"excerpt":{"rendered":"<p>Essenti\u00eble oli\u00ebn en plantextracten zijn een kostbaar geschenk van Moeder Natuur voor lichaam en geest. SO PURE NATURAL BALANCE 100% Pure Plant Essential Therapy So Pure Natural Balance is ontwikkeld na een jarenlange intensieve research. Plantenextracten en essenti\u00eble oli\u00ebn zijn &hellip;<\/p>\n<p class=\"read-more\"> <a class=\"more-link\" href=\"https:\/\/www.trendyhairzwolle.nl\/?page_id=76\"> <span class=\"screen-reader-text\">Keune SO PURE<\/span> Meer lezen &raquo;<\/a><\/p>\n","protected":false},"author":1,"featured_media":0,"parent":0,"menu_order":0,"comment_status":"closed","ping_status":"closed","template":"","meta":{"ngg_post_thumbnail":0,"_joinchat":[],"footnotes":""},"class_list":["post-76","page","type-page","status-publish","hentry"],"_links":{"self":[{"href":"https:\/\/www.trendyhairzwolle.nl\/index.php?rest_route=\/wp\/v2\/pages\/76","targetHints":{"allow":["GET"]}}],"collection":[{"href":"https:\/\/www.trendyhairzwolle.nl\/index.php?rest_route=\/wp\/v2\/pages"}],"about":[{"href":"https:\/\/www.trendyhairzwolle.nl\/index.php?rest_route=\/wp\/v2\/types\/page"}],"author":[{"embeddable":true,"href":"https:\/\/www.trendyhairzwolle.nl\/index.php?rest_route=\/wp\/v2\/users\/1"}],"replies":[{"embeddable":true,"href":"https:\/\/www.trendyhairzwolle.nl\/index.php?rest_route=%2Fwp%2Fv2%2Fcomments&post=76"}],"version-history":[{"count":10,"href":"https:\/\/www.trendyhairzwolle.nl\/index.php?rest_route=\/wp\/v2\/pages\/76\/revisions"}],"predecessor-version":[{"id":480,"href":"https:\/\/www.trendyhairzwolle.nl\/index.php?rest_route=\/wp\/v2\/pages\/76\/revisions\/480"}],"wp:attachment":[{"href":"https:\/\/www.trendyhairzwolle.nl\/index.php?rest_route=%2Fwp%2Fv2%2Fmedia&parent=76"}],"curies":[{"name":"wp","href":"https:\/\/api.w.org\/{rel}","templated":true}]}}